{"id":479,"date":"2020-10-06T11:27:59","date_gmt":"2020-10-06T09:27:59","guid":{"rendered":"https:\/\/apneemotion.com\/metropole\/?post_type=product&#038;p=479"},"modified":"2024-10-28T18:36:43","modified_gmt":"2024-10-28T17:36:43","slug":"stage-apnee-confirme","status":"publish","type":"product","link":"https:\/\/apneemotion.com\/metropole\/produit\/stage-apnee-confirme\/","title":{"rendered":"Stage apn\u00e9e confirm\u00e9 4 jours"},"content":{"rendered":"","protected":false},"excerpt":{"rendered":"<p>Progressez en apn\u00e9e \u00e0 proximit\u00e9 de Toulon dans le Var. Votre moniteur vous transmettra toutes les connaissances n\u00e9cessaires pour atteindre le zone des 30m de profondeur en toute s\u00e9curit\u00e9.<\/p>\n","protected":false},"featured_media":626,"comment_status":"open","ping_status":"closed","template":"","meta":[],"product_cat":[18,33],"product_tag":[],"class_list":{"0":"post-479","1":"product","2":"type-product","3":"status-publish","4":"has-post-thumbnail","6":"product_cat-formations","7":"product_cat-formations-adultes","9":"first","10":"instock","11":"sold-individually","12":"shipping-taxable","13":"purchasable","14":"product-type-simple"},"yoast_head":"<!-- This site is optimized with the Yoast SEO plugin v22.8 - https:\/\/yoast.com\/wordpress\/plugins\/seo\/ -->\n<title>Formation apn\u00e9e : techniques avanc\u00e9es et certification - Var (83)<\/title>\n<meta name=\"description\" content=\"Formez-vous \u00e0 l\u2019apn\u00e9e avec les stages Apn\u00e9emotion pour confirm\u00e9. Progressez et maitrisez les techniques de s\u00e9curit\u00e9. Certification FFESSM ou AIDA 3.\" \/>\n<meta name=\"robots\" content=\"index, follow, max-snippet:-1, max-image-preview:large, max-video-preview:-1\" \/>\n<link rel=\"canonical\" href=\"https:\/\/apneemotion.com\/metropole\/produit\/stage-apnee-confirme\/\" \/>\n<meta property=\"og:locale\" content=\"fr_FR\" \/>\n<meta property=\"og:type\" content=\"article\" \/>\n<meta property=\"og:title\" content=\"Formation apn\u00e9e : techniques avanc\u00e9es et certification - Var (83)\" \/>\n<meta property=\"og:description\" content=\"Formez-vous \u00e0 l\u2019apn\u00e9e avec les stages Apn\u00e9emotion pour confirm\u00e9. Progressez et maitrisez les techniques de s\u00e9curit\u00e9. Certification FFESSM ou AIDA 3.\" \/>\n<meta property=\"og:url\" content=\"https:\/\/apneemotion.com\/metropole\/produit\/stage-apnee-confirme\/\" \/>\n<meta property=\"og:site_name\" content=\"apn\u00e9emotion M\u00e9tropole\" \/>\n<meta property=\"article:publisher\" content=\"https:\/\/www.facebook.com\/Apneemotion-1388137021339215\" \/>\n<meta property=\"article:modified_time\" content=\"2024-10-28T17:36:43+00:00\" \/>\n<meta property=\"og:image\" content=\"https:\/\/apneemotion.com\/metropole\/wp-content\/uploads\/sites\/2\/2020\/10\/apneemotion-apnee-verticale-5.jpg\" \/>\n\t<meta property=\"og:image:width\" content=\"992\" \/>\n\t<meta property=\"og:image:height\" content=\"992\" \/>\n\t<meta property=\"og:image:type\" content=\"image\/jpeg\" \/>\n<meta name=\"twitter:card\" content=\"summary_large_image\" \/>\n<script type=\"application\/ld+json\" class=\"yoast-schema-graph\">{\"@context\":\"https:\/\/schema.org\",\"@graph\":[{\"@type\":\"WebPage\",\"@id\":\"https:\/\/apneemotion.com\/metropole\/produit\/stage-apnee-confirme\/\",\"url\":\"https:\/\/apneemotion.com\/metropole\/produit\/stage-apnee-confirme\/\",\"name\":\"Formation apn\u00e9e : techniques avanc\u00e9es et certification - Var (83)\",\"isPartOf\":{\"@id\":\"https:\/\/apneemotion.com\/metropole\/#website\"},\"primaryImageOfPage\":{\"@id\":\"https:\/\/apneemotion.com\/metropole\/produit\/stage-apnee-confirme\/#primaryimage\"},\"image\":{\"@id\":\"https:\/\/apneemotion.com\/metropole\/produit\/stage-apnee-confirme\/#primaryimage\"},\"thumbnailUrl\":\"https:\/\/apneemotion.com\/metropole\/wp-content\/uploads\/sites\/2\/2020\/10\/apneemotion-apnee-verticale-5.jpg\",\"datePublished\":\"2020-10-06T09:27:59+00:00\",\"dateModified\":\"2024-10-28T17:36:43+00:00\",\"description\":\"Formez-vous \u00e0 l\u2019apn\u00e9e avec les stages Apn\u00e9emotion pour confirm\u00e9. Progressez et maitrisez les techniques de s\u00e9curit\u00e9. Certification FFESSM ou AIDA 3.\",\"breadcrumb\":{\"@id\":\"https:\/\/apneemotion.com\/metropole\/produit\/stage-apnee-confirme\/#breadcrumb\"},\"inLanguage\":\"fr-FR\",\"potentialAction\":[{\"@type\":\"ReadAction\",\"target\":[\"https:\/\/apneemotion.com\/metropole\/produit\/stage-apnee-confirme\/\"]}]},{\"@type\":\"ImageObject\",\"inLanguage\":\"fr-FR\",\"@id\":\"https:\/\/apneemotion.com\/metropole\/produit\/stage-apnee-confirme\/#primaryimage\",\"url\":\"https:\/\/apneemotion.com\/metropole\/wp-content\/uploads\/sites\/2\/2020\/10\/apneemotion-apnee-verticale-5.jpg\",\"contentUrl\":\"https:\/\/apneemotion.com\/metropole\/wp-content\/uploads\/sites\/2\/2020\/10\/apneemotion-apnee-verticale-5.jpg\",\"width\":992,\"height\":992,\"caption\":\"Formation apn\u00e9e\"},{\"@type\":\"BreadcrumbList\",\"@id\":\"https:\/\/apneemotion.com\/metropole\/produit\/stage-apnee-confirme\/#breadcrumb\",\"itemListElement\":[{\"@type\":\"ListItem\",\"position\":1,\"name\":\"Accueil\",\"item\":\"https:\/\/apneemotion.com\/metropole\/\"},{\"@type\":\"ListItem\",\"position\":2,\"name\":\"Boutique\",\"item\":\"https:\/\/apneemotion.com\/metropole\/stage-apnee-var-toulon-saint-mandrier-sur-mer\/\"},{\"@type\":\"ListItem\",\"position\":3,\"name\":\"Stage apn\u00e9e confirm\u00e9 4 jours\"}]},{\"@type\":\"WebSite\",\"@id\":\"https:\/\/apneemotion.com\/metropole\/#website\",\"url\":\"https:\/\/apneemotion.com\/metropole\/\",\"name\":\"apn\u00e9emotion M\u00e9tropole\",\"description\":\"L&#039;Ecole d&#039;Apn\u00e9e Loisir\",\"publisher\":{\"@id\":\"https:\/\/apneemotion.com\/metropole\/#organization\"},\"potentialAction\":[{\"@type\":\"SearchAction\",\"target\":{\"@type\":\"EntryPoint\",\"urlTemplate\":\"https:\/\/apneemotion.com\/metropole\/?s={search_term_string}\"},\"query-input\":\"required name=search_term_string\"}],\"inLanguage\":\"fr-FR\"},{\"@type\":\"Organization\",\"@id\":\"https:\/\/apneemotion.com\/metropole\/#organization\",\"name\":\"Apneemotion\",\"url\":\"https:\/\/apneemotion.com\/metropole\/\",\"logo\":{\"@type\":\"ImageObject\",\"inLanguage\":\"fr-FR\",\"@id\":\"https:\/\/apneemotion.com\/metropole\/#\/schema\/logo\/image\/\",\"url\":\"https:\/\/apneemotion.com\/metropole\/wp-content\/uploads\/sites\/2\/2021\/06\/Apneemotion-v1.1.png\",\"contentUrl\":\"https:\/\/apneemotion.com\/metropole\/wp-content\/uploads\/sites\/2\/2021\/06\/Apneemotion-v1.1.png\",\"width\":1643,\"height\":1643,\"caption\":\"Apneemotion\"},\"image\":{\"@id\":\"https:\/\/apneemotion.com\/metropole\/#\/schema\/logo\/image\/\"},\"sameAs\":[\"https:\/\/www.facebook.com\/Apneemotion-1388137021339215\",\"https:\/\/www.instagram.com\/apneemotion\/?hl=fr\",\"https:\/\/www.youtube.com\/channel\/UCioYxHdExZd7i6b1mKj8trQ\"]}]}<\/script>\n<!-- \/ Yoast SEO plugin. -->","yoast_head_json":{"title":"Formation apn\u00e9e : techniques avanc\u00e9es et certification - Var (83)","description":"Formez-vous \u00e0 l\u2019apn\u00e9e avec les stages Apn\u00e9emotion pour confirm\u00e9. Progressez et maitrisez les techniques de s\u00e9curit\u00e9. Certification FFESSM ou AIDA 3.","robots":{"index":"index","follow":"follow","max-snippet":"max-snippet:-1","max-image-preview":"max-image-preview:large","max-video-preview":"max-video-preview:-1"},"canonical":"https:\/\/apneemotion.com\/metropole\/produit\/stage-apnee-confirme\/","og_locale":"fr_FR","og_type":"article","og_title":"Formation apn\u00e9e : techniques avanc\u00e9es et certification - Var (83)","og_description":"Formez-vous \u00e0 l\u2019apn\u00e9e avec les stages Apn\u00e9emotion pour confirm\u00e9. Progressez et maitrisez les techniques de s\u00e9curit\u00e9. Certification FFESSM ou AIDA 3.","og_url":"https:\/\/apneemotion.com\/metropole\/produit\/stage-apnee-confirme\/","og_site_name":"apn\u00e9emotion M\u00e9tropole","article_publisher":"https:\/\/www.facebook.com\/Apneemotion-1388137021339215","article_modified_time":"2024-10-28T17:36:43+00:00","og_image":[{"width":992,"height":992,"url":"https:\/\/apneemotion.com\/metropole\/wp-content\/uploads\/sites\/2\/2020\/10\/apneemotion-apnee-verticale-5.jpg","type":"image\/jpeg"}],"twitter_card":"summary_large_image","schema":{"@context":"https:\/\/schema.org","@graph":[{"@type":"WebPage","@id":"https:\/\/apneemotion.com\/metropole\/produit\/stage-apnee-confirme\/","url":"https:\/\/apneemotion.com\/metropole\/produit\/stage-apnee-confirme\/","name":"Formation apn\u00e9e : techniques avanc\u00e9es et certification - Var (83)","isPartOf":{"@id":"https:\/\/apneemotion.com\/metropole\/#website"},"primaryImageOfPage":{"@id":"https:\/\/apneemotion.com\/metropole\/produit\/stage-apnee-confirme\/#primaryimage"},"image":{"@id":"https:\/\/apneemotion.com\/metropole\/produit\/stage-apnee-confirme\/#primaryimage"},"thumbnailUrl":"https:\/\/apneemotion.com\/metropole\/wp-content\/uploads\/sites\/2\/2020\/10\/apneemotion-apnee-verticale-5.jpg","datePublished":"2020-10-06T09:27:59+00:00","dateModified":"2024-10-28T17:36:43+00:00","description":"Formez-vous \u00e0 l\u2019apn\u00e9e avec les stages Apn\u00e9emotion pour confirm\u00e9. Progressez et maitrisez les techniques de s\u00e9curit\u00e9. Certification FFESSM ou AIDA 3.","breadcrumb":{"@id":"https:\/\/apneemotion.com\/metropole\/produit\/stage-apnee-confirme\/#breadcrumb"},"inLanguage":"fr-FR","potentialAction":[{"@type":"ReadAction","target":["https:\/\/apneemotion.com\/metropole\/produit\/stage-apnee-confirme\/"]}]},{"@type":"ImageObject","inLanguage":"fr-FR","@id":"https:\/\/apneemotion.com\/metropole\/produit\/stage-apnee-confirme\/#primaryimage","url":"https:\/\/apneemotion.com\/metropole\/wp-content\/uploads\/sites\/2\/2020\/10\/apneemotion-apnee-verticale-5.jpg","contentUrl":"https:\/\/apneemotion.com\/metropole\/wp-content\/uploads\/sites\/2\/2020\/10\/apneemotion-apnee-verticale-5.jpg","width":992,"height":992,"caption":"Formation apn\u00e9e"},{"@type":"BreadcrumbList","@id":"https:\/\/apneemotion.com\/metropole\/produit\/stage-apnee-confirme\/#breadcrumb","itemListElement":[{"@type":"ListItem","position":1,"name":"Accueil","item":"https:\/\/apneemotion.com\/metropole\/"},{"@type":"ListItem","position":2,"name":"Boutique","item":"https:\/\/apneemotion.com\/metropole\/stage-apnee-var-toulon-saint-mandrier-sur-mer\/"},{"@type":"ListItem","position":3,"name":"Stage apn\u00e9e confirm\u00e9 4 jours"}]},{"@type":"WebSite","@id":"https:\/\/apneemotion.com\/metropole\/#website","url":"https:\/\/apneemotion.com\/metropole\/","name":"apn\u00e9emotion M\u00e9tropole","description":"L&#039;Ecole d&#039;Apn\u00e9e Loisir","publisher":{"@id":"https:\/\/apneemotion.com\/metropole\/#organization"},"potentialAction":[{"@type":"SearchAction","target":{"@type":"EntryPoint","urlTemplate":"https:\/\/apneemotion.com\/metropole\/?s={search_term_string}"},"query-input":"required name=search_term_string"}],"inLanguage":"fr-FR"},{"@type":"Organization","@id":"https:\/\/apneemotion.com\/metropole\/#organization","name":"Apneemotion","url":"https:\/\/apneemotion.com\/metropole\/","logo":{"@type":"ImageObject","inLanguage":"fr-FR","@id":"https:\/\/apneemotion.com\/metropole\/#\/schema\/logo\/image\/","url":"https:\/\/apneemotion.com\/metropole\/wp-content\/uploads\/sites\/2\/2021\/06\/Apneemotion-v1.1.png","contentUrl":"https:\/\/apneemotion.com\/metropole\/wp-content\/uploads\/sites\/2\/2021\/06\/Apneemotion-v1.1.png","width":1643,"height":1643,"caption":"Apneemotion"},"image":{"@id":"https:\/\/apneemotion.com\/metropole\/#\/schema\/logo\/image\/"},"sameAs":["https:\/\/www.facebook.com\/Apneemotion-1388137021339215","https:\/\/www.instagram.com\/apneemotion\/?hl=fr","https:\/\/www.youtube.com\/channel\/UCioYxHdExZd7i6b1mKj8trQ"]}]}},"_links":{"self":[{"href":"https:\/\/apneemotion.com\/metropole\/wp-json\/wp\/v2\/product\/479","targetHints":{"allow":["GET"]}}],"collection":[{"href":"https:\/\/apneemotion.com\/metropole\/wp-json\/wp\/v2\/product"}],"about":[{"href":"https:\/\/apneemotion.com\/metropole\/wp-json\/wp\/v2\/types\/product"}],"replies":[{"embeddable":true,"href":"https:\/\/apneemotion.com\/metropole\/wp-json\/wp\/v2\/comments?post=479"}],"wp:featuredmedia":[{"embeddable":true,"href":"https:\/\/apneemotion.com\/metropole\/wp-json\/wp\/v2\/media\/626"}],"wp:attachment":[{"href":"https:\/\/apneemotion.com\/metropole\/wp-json\/wp\/v2\/media?parent=479"}],"wp:term":[{"taxonomy":"product_cat","embeddable":true,"href":"https:\/\/apneemotion.com\/metropole\/wp-json\/wp\/v2\/product_cat?post=479"},{"taxonomy":"product_tag","embeddable":true,"href":"https:\/\/apneemotion.com\/metropole\/wp-json\/wp\/v2\/product_tag?post=479"}],"curies":[{"name":"wp","href":"https:\/\/api.w.org\/{rel}","templated":true}]}}