{"id":2090,"date":"2024-02-10T01:22:53","date_gmt":"2024-02-10T00:22:53","guid":{"rendered":"https:\/\/apneemotion.com\/metropole\/?post_type=product&#038;p=2090"},"modified":"2026-01-25T23:30:57","modified_gmt":"2026-01-25T22:30:57","slug":"aida-instructeur-apnee-10-jours","status":"publish","type":"product","link":"https:\/\/apneemotion.com\/metropole\/produit\/aida-instructeur-apnee-10-jours\/","title":{"rendered":"Aida instructeur"},"content":{"rendered":"","protected":false},"excerpt":{"rendered":"<hr \/>\n<p>Activit\u00e9 ludique et originale \u00e0 proximit\u00e9 de Toulon dans le Var, l&rsquo;apn\u00e9e vous transporte dans la d\u00e9couverte de sens nouveaux et garanti un moment d&rsquo;\u00e9vasion de qualit\u00e9 !<\/p>\n","protected":false},"featured_media":2091,"comment_status":"open","ping_status":"closed","template":"","meta":[],"product_cat":[33],"product_tag":[],"class_list":{"0":"post-2090","1":"product","2":"type-product","3":"status-publish","4":"has-post-thumbnail","6":"product_cat-formations-adultes","8":"first","9":"instock","10":"shipping-taxable","11":"purchasable","12":"product-type-simple"},"yoast_head":"<!-- This site is optimized with the Yoast SEO plugin v22.8 - https:\/\/yoast.com\/wordpress\/plugins\/seo\/ -->\n<title>AIDA apn\u00e9e - Devenez instructeur d&#039;apn\u00e9e - Apn\u00e9emotion<\/title>\n<meta name=\"description\" content=\"Formation AIDA apn\u00e9e instructeur. Toute l&#039;ann\u00e9e sur 10 jours. Programme complet pour une formation d\u2019enseignant en apn\u00e9e. Ecole d&#039;apn\u00e9e dans le Var (83).\" \/>\n<meta name=\"robots\" content=\"index, follow, max-snippet:-1, max-image-preview:large, max-video-preview:-1\" \/>\n<link rel=\"canonical\" href=\"https:\/\/apneemotion.com\/metropole\/produit\/aida-instructeur-apnee-10-jours\/\" \/>\n<meta property=\"og:locale\" content=\"fr_FR\" \/>\n<meta property=\"og:type\" content=\"article\" \/>\n<meta property=\"og:title\" content=\"AIDA apn\u00e9e - Devenez instructeur d&#039;apn\u00e9e - Apn\u00e9emotion\" \/>\n<meta property=\"og:description\" content=\"Formation AIDA apn\u00e9e instructeur. Toute l&#039;ann\u00e9e sur 10 jours. Programme complet pour une formation d\u2019enseignant en apn\u00e9e. Ecole d&#039;apn\u00e9e dans le Var (83).\" \/>\n<meta property=\"og:url\" content=\"https:\/\/apneemotion.com\/metropole\/produit\/aida-instructeur-apnee-10-jours\/\" \/>\n<meta property=\"og:site_name\" content=\"apn\u00e9emotion M\u00e9tropole\" \/>\n<meta property=\"article:publisher\" content=\"https:\/\/www.facebook.com\/Apneemotion-1388137021339215\" \/>\n<meta property=\"article:modified_time\" content=\"2026-01-25T22:30:57+00:00\" \/>\n<meta property=\"og:image\" content=\"https:\/\/apneemotion.com\/metropole\/wp-content\/uploads\/sites\/2\/2024\/02\/E6F64B9A-67A0-40B5-9D76-60ABC44E613B-scaled.jpeg\" \/>\n\t<meta property=\"og:image:width\" content=\"1707\" \/>\n\t<meta property=\"og:image:height\" content=\"2560\" \/>\n\t<meta property=\"og:image:type\" content=\"image\/jpeg\" \/>\n<meta name=\"twitter:card\" content=\"summary_large_image\" \/>\n<script type=\"application\/ld+json\" class=\"yoast-schema-graph\">{\"@context\":\"https:\/\/schema.org\",\"@graph\":[{\"@type\":\"WebPage\",\"@id\":\"https:\/\/apneemotion.com\/metropole\/produit\/aida-instructeur-apnee-10-jours\/\",\"url\":\"https:\/\/apneemotion.com\/metropole\/produit\/aida-instructeur-apnee-10-jours\/\",\"name\":\"AIDA apn\u00e9e - Devenez instructeur d'apn\u00e9e - Apn\u00e9emotion\",\"isPartOf\":{\"@id\":\"https:\/\/apneemotion.com\/metropole\/#website\"},\"primaryImageOfPage\":{\"@id\":\"https:\/\/apneemotion.com\/metropole\/produit\/aida-instructeur-apnee-10-jours\/#primaryimage\"},\"image\":{\"@id\":\"https:\/\/apneemotion.com\/metropole\/produit\/aida-instructeur-apnee-10-jours\/#primaryimage\"},\"thumbnailUrl\":\"https:\/\/apneemotion.com\/metropole\/wp-content\/uploads\/sites\/2\/2024\/02\/E6F64B9A-67A0-40B5-9D76-60ABC44E613B-scaled.jpeg\",\"datePublished\":\"2024-02-10T00:22:53+00:00\",\"dateModified\":\"2026-01-25T22:30:57+00:00\",\"description\":\"Formation AIDA apn\u00e9e instructeur. Toute l'ann\u00e9e sur 10 jours. Programme complet pour une formation d\u2019enseignant en apn\u00e9e. Ecole d'apn\u00e9e dans le Var (83).\",\"breadcrumb\":{\"@id\":\"https:\/\/apneemotion.com\/metropole\/produit\/aida-instructeur-apnee-10-jours\/#breadcrumb\"},\"inLanguage\":\"fr-FR\",\"potentialAction\":[{\"@type\":\"ReadAction\",\"target\":[\"https:\/\/apneemotion.com\/metropole\/produit\/aida-instructeur-apnee-10-jours\/\"]}]},{\"@type\":\"ImageObject\",\"inLanguage\":\"fr-FR\",\"@id\":\"https:\/\/apneemotion.com\/metropole\/produit\/aida-instructeur-apnee-10-jours\/#primaryimage\",\"url\":\"https:\/\/apneemotion.com\/metropole\/wp-content\/uploads\/sites\/2\/2024\/02\/E6F64B9A-67A0-40B5-9D76-60ABC44E613B-scaled.jpeg\",\"contentUrl\":\"https:\/\/apneemotion.com\/metropole\/wp-content\/uploads\/sites\/2\/2024\/02\/E6F64B9A-67A0-40B5-9D76-60ABC44E613B-scaled.jpeg\",\"width\":1707,\"height\":2560,\"caption\":\"AIDA apn\u00e9e\"},{\"@type\":\"BreadcrumbList\",\"@id\":\"https:\/\/apneemotion.com\/metropole\/produit\/aida-instructeur-apnee-10-jours\/#breadcrumb\",\"itemListElement\":[{\"@type\":\"ListItem\",\"position\":1,\"name\":\"Accueil\",\"item\":\"https:\/\/apneemotion.com\/metropole\/\"},{\"@type\":\"ListItem\",\"position\":2,\"name\":\"Boutique\",\"item\":\"https:\/\/apneemotion.com\/metropole\/stage-apnee-var-toulon-saint-mandrier-sur-mer\/\"},{\"@type\":\"ListItem\",\"position\":3,\"name\":\"Aida instructeur\"}]},{\"@type\":\"WebSite\",\"@id\":\"https:\/\/apneemotion.com\/metropole\/#website\",\"url\":\"https:\/\/apneemotion.com\/metropole\/\",\"name\":\"apn\u00e9emotion M\u00e9tropole\",\"description\":\"L&#039;Ecole d&#039;Apn\u00e9e Loisir\",\"publisher\":{\"@id\":\"https:\/\/apneemotion.com\/metropole\/#organization\"},\"potentialAction\":[{\"@type\":\"SearchAction\",\"target\":{\"@type\":\"EntryPoint\",\"urlTemplate\":\"https:\/\/apneemotion.com\/metropole\/?s={search_term_string}\"},\"query-input\":\"required name=search_term_string\"}],\"inLanguage\":\"fr-FR\"},{\"@type\":\"Organization\",\"@id\":\"https:\/\/apneemotion.com\/metropole\/#organization\",\"name\":\"Apneemotion\",\"url\":\"https:\/\/apneemotion.com\/metropole\/\",\"logo\":{\"@type\":\"ImageObject\",\"inLanguage\":\"fr-FR\",\"@id\":\"https:\/\/apneemotion.com\/metropole\/#\/schema\/logo\/image\/\",\"url\":\"https:\/\/apneemotion.com\/metropole\/wp-content\/uploads\/sites\/2\/2021\/06\/Apneemotion-v1.1.png\",\"contentUrl\":\"https:\/\/apneemotion.com\/metropole\/wp-content\/uploads\/sites\/2\/2021\/06\/Apneemotion-v1.1.png\",\"width\":1643,\"height\":1643,\"caption\":\"Apneemotion\"},\"image\":{\"@id\":\"https:\/\/apneemotion.com\/metropole\/#\/schema\/logo\/image\/\"},\"sameAs\":[\"https:\/\/www.facebook.com\/Apneemotion-1388137021339215\",\"https:\/\/www.instagram.com\/apneemotion\/?hl=fr\",\"https:\/\/www.youtube.com\/channel\/UCioYxHdExZd7i6b1mKj8trQ\"]}]}<\/script>\n<!-- \/ Yoast SEO plugin. -->","yoast_head_json":{"title":"AIDA apn\u00e9e - Devenez instructeur d'apn\u00e9e - Apn\u00e9emotion","description":"Formation AIDA apn\u00e9e instructeur. Toute l'ann\u00e9e sur 10 jours. Programme complet pour une formation d\u2019enseignant en apn\u00e9e. Ecole d'apn\u00e9e dans le Var (83).","robots":{"index":"index","follow":"follow","max-snippet":"max-snippet:-1","max-image-preview":"max-image-preview:large","max-video-preview":"max-video-preview:-1"},"canonical":"https:\/\/apneemotion.com\/metropole\/produit\/aida-instructeur-apnee-10-jours\/","og_locale":"fr_FR","og_type":"article","og_title":"AIDA apn\u00e9e - Devenez instructeur d'apn\u00e9e - Apn\u00e9emotion","og_description":"Formation AIDA apn\u00e9e instructeur. Toute l'ann\u00e9e sur 10 jours. Programme complet pour une formation d\u2019enseignant en apn\u00e9e. Ecole d'apn\u00e9e dans le Var (83).","og_url":"https:\/\/apneemotion.com\/metropole\/produit\/aida-instructeur-apnee-10-jours\/","og_site_name":"apn\u00e9emotion M\u00e9tropole","article_publisher":"https:\/\/www.facebook.com\/Apneemotion-1388137021339215","article_modified_time":"2026-01-25T22:30:57+00:00","og_image":[{"width":1707,"height":2560,"url":"https:\/\/apneemotion.com\/metropole\/wp-content\/uploads\/sites\/2\/2024\/02\/E6F64B9A-67A0-40B5-9D76-60ABC44E613B-scaled.jpeg","type":"image\/jpeg"}],"twitter_card":"summary_large_image","schema":{"@context":"https:\/\/schema.org","@graph":[{"@type":"WebPage","@id":"https:\/\/apneemotion.com\/metropole\/produit\/aida-instructeur-apnee-10-jours\/","url":"https:\/\/apneemotion.com\/metropole\/produit\/aida-instructeur-apnee-10-jours\/","name":"AIDA apn\u00e9e - Devenez instructeur d'apn\u00e9e - Apn\u00e9emotion","isPartOf":{"@id":"https:\/\/apneemotion.com\/metropole\/#website"},"primaryImageOfPage":{"@id":"https:\/\/apneemotion.com\/metropole\/produit\/aida-instructeur-apnee-10-jours\/#primaryimage"},"image":{"@id":"https:\/\/apneemotion.com\/metropole\/produit\/aida-instructeur-apnee-10-jours\/#primaryimage"},"thumbnailUrl":"https:\/\/apneemotion.com\/metropole\/wp-content\/uploads\/sites\/2\/2024\/02\/E6F64B9A-67A0-40B5-9D76-60ABC44E613B-scaled.jpeg","datePublished":"2024-02-10T00:22:53+00:00","dateModified":"2026-01-25T22:30:57+00:00","description":"Formation AIDA apn\u00e9e instructeur. Toute l'ann\u00e9e sur 10 jours. Programme complet pour une formation d\u2019enseignant en apn\u00e9e. Ecole d'apn\u00e9e dans le Var (83).","breadcrumb":{"@id":"https:\/\/apneemotion.com\/metropole\/produit\/aida-instructeur-apnee-10-jours\/#breadcrumb"},"inLanguage":"fr-FR","potentialAction":[{"@type":"ReadAction","target":["https:\/\/apneemotion.com\/metropole\/produit\/aida-instructeur-apnee-10-jours\/"]}]},{"@type":"ImageObject","inLanguage":"fr-FR","@id":"https:\/\/apneemotion.com\/metropole\/produit\/aida-instructeur-apnee-10-jours\/#primaryimage","url":"https:\/\/apneemotion.com\/metropole\/wp-content\/uploads\/sites\/2\/2024\/02\/E6F64B9A-67A0-40B5-9D76-60ABC44E613B-scaled.jpeg","contentUrl":"https:\/\/apneemotion.com\/metropole\/wp-content\/uploads\/sites\/2\/2024\/02\/E6F64B9A-67A0-40B5-9D76-60ABC44E613B-scaled.jpeg","width":1707,"height":2560,"caption":"AIDA apn\u00e9e"},{"@type":"BreadcrumbList","@id":"https:\/\/apneemotion.com\/metropole\/produit\/aida-instructeur-apnee-10-jours\/#breadcrumb","itemListElement":[{"@type":"ListItem","position":1,"name":"Accueil","item":"https:\/\/apneemotion.com\/metropole\/"},{"@type":"ListItem","position":2,"name":"Boutique","item":"https:\/\/apneemotion.com\/metropole\/stage-apnee-var-toulon-saint-mandrier-sur-mer\/"},{"@type":"ListItem","position":3,"name":"Aida instructeur"}]},{"@type":"WebSite","@id":"https:\/\/apneemotion.com\/metropole\/#website","url":"https:\/\/apneemotion.com\/metropole\/","name":"apn\u00e9emotion M\u00e9tropole","description":"L&#039;Ecole d&#039;Apn\u00e9e Loisir","publisher":{"@id":"https:\/\/apneemotion.com\/metropole\/#organization"},"potentialAction":[{"@type":"SearchAction","target":{"@type":"EntryPoint","urlTemplate":"https:\/\/apneemotion.com\/metropole\/?s={search_term_string}"},"query-input":"required name=search_term_string"}],"inLanguage":"fr-FR"},{"@type":"Organization","@id":"https:\/\/apneemotion.com\/metropole\/#organization","name":"Apneemotion","url":"https:\/\/apneemotion.com\/metropole\/","logo":{"@type":"ImageObject","inLanguage":"fr-FR","@id":"https:\/\/apneemotion.com\/metropole\/#\/schema\/logo\/image\/","url":"https:\/\/apneemotion.com\/metropole\/wp-content\/uploads\/sites\/2\/2021\/06\/Apneemotion-v1.1.png","contentUrl":"https:\/\/apneemotion.com\/metropole\/wp-content\/uploads\/sites\/2\/2021\/06\/Apneemotion-v1.1.png","width":1643,"height":1643,"caption":"Apneemotion"},"image":{"@id":"https:\/\/apneemotion.com\/metropole\/#\/schema\/logo\/image\/"},"sameAs":["https:\/\/www.facebook.com\/Apneemotion-1388137021339215","https:\/\/www.instagram.com\/apneemotion\/?hl=fr","https:\/\/www.youtube.com\/channel\/UCioYxHdExZd7i6b1mKj8trQ"]}]}},"_links":{"self":[{"href":"https:\/\/apneemotion.com\/metropole\/wp-json\/wp\/v2\/product\/2090","targetHints":{"allow":["GET"]}}],"collection":[{"href":"https:\/\/apneemotion.com\/metropole\/wp-json\/wp\/v2\/product"}],"about":[{"href":"https:\/\/apneemotion.com\/metropole\/wp-json\/wp\/v2\/types\/product"}],"replies":[{"embeddable":true,"href":"https:\/\/apneemotion.com\/metropole\/wp-json\/wp\/v2\/comments?post=2090"}],"wp:featuredmedia":[{"embeddable":true,"href":"https:\/\/apneemotion.com\/metropole\/wp-json\/wp\/v2\/media\/2091"}],"wp:attachment":[{"href":"https:\/\/apneemotion.com\/metropole\/wp-json\/wp\/v2\/media?parent=2090"}],"wp:term":[{"taxonomy":"product_cat","embeddable":true,"href":"https:\/\/apneemotion.com\/metropole\/wp-json\/wp\/v2\/product_cat?post=2090"},{"taxonomy":"product_tag","embeddable":true,"href":"https:\/\/apneemotion.com\/metropole\/wp-json\/wp\/v2\/product_tag?post=2090"}],"curies":[{"name":"wp","href":"https:\/\/api.w.org\/{rel}","templated":true}]}}