{"id":347,"date":"2020-09-09T11:08:43","date_gmt":"2020-09-09T09:08:43","guid":{"rendered":"https:\/\/apneemotion.com\/metropole\/?page_id=347"},"modified":"2020-11-02T15:47:09","modified_gmt":"2020-11-02T14:47:09","slug":"nos-partenaires","status":"publish","type":"page","link":"https:\/\/apneemotion.com\/metropole\/nos-partenaires\/","title":{"rendered":"Nos partenaires"},"content":{"rendered":"","protected":false},"excerpt":{"rendered":"","protected":false},"author":1,"featured_media":655,"parent":0,"menu_order":0,"comment_status":"closed","ping_status":"closed","template":"","meta":{"footnotes":""},"class_list":["post-347","page","type-page","status-publish","has-post-thumbnail","hentry"],"yoast_head":"<!-- This site is optimized with the Yoast SEO plugin v22.8 - https:\/\/yoast.com\/wordpress\/plugins\/seo\/ -->\n<title>Nos partenaires<\/title>\n<meta name=\"robots\" content=\"index, follow, max-snippet:-1, max-image-preview:large, max-video-preview:-1\" \/>\n<link rel=\"canonical\" href=\"https:\/\/apneemotion.com\/metropole\/nos-partenaires\/\" \/>\n<meta property=\"og:locale\" content=\"fr_FR\" \/>\n<meta property=\"og:type\" content=\"article\" \/>\n<meta property=\"og:title\" content=\"Nos partenaires\" \/>\n<meta property=\"og:url\" content=\"https:\/\/apneemotion.com\/metropole\/nos-partenaires\/\" \/>\n<meta property=\"og:site_name\" content=\"apn\u00e9emotion M\u00e9tropole\" \/>\n<meta property=\"article:publisher\" content=\"https:\/\/www.facebook.com\/Apneemotion-1388137021339215\" \/>\n<meta property=\"article:modified_time\" content=\"2020-11-02T14:47:09+00:00\" \/>\n<meta property=\"og:image\" content=\"https:\/\/apneemotion.com\/metropole\/wp-content\/uploads\/sites\/2\/2020\/10\/divers-apneemotion.jpg\" \/>\n\t<meta property=\"og:image:width\" content=\"1920\" \/>\n\t<meta property=\"og:image:height\" content=\"700\" \/>\n\t<meta property=\"og:image:type\" content=\"image\/jpeg\" \/>\n<meta name=\"twitter:card\" content=\"summary_large_image\" \/>\n<script type=\"application\/ld+json\" class=\"yoast-schema-graph\">{\"@context\":\"https:\/\/schema.org\",\"@graph\":[{\"@type\":\"WebPage\",\"@id\":\"https:\/\/apneemotion.com\/metropole\/nos-partenaires\/\",\"url\":\"https:\/\/apneemotion.com\/metropole\/nos-partenaires\/\",\"name\":\"Nos partenaires\",\"isPartOf\":{\"@id\":\"https:\/\/apneemotion.com\/metropole\/#website\"},\"primaryImageOfPage\":{\"@id\":\"https:\/\/apneemotion.com\/metropole\/nos-partenaires\/#primaryimage\"},\"image\":{\"@id\":\"https:\/\/apneemotion.com\/metropole\/nos-partenaires\/#primaryimage\"},\"thumbnailUrl\":\"https:\/\/apneemotion.com\/metropole\/wp-content\/uploads\/sites\/2\/2020\/10\/divers-apneemotion.jpg\",\"datePublished\":\"2020-09-09T09:08:43+00:00\",\"dateModified\":\"2020-11-02T14:47:09+00:00\",\"breadcrumb\":{\"@id\":\"https:\/\/apneemotion.com\/metropole\/nos-partenaires\/#breadcrumb\"},\"inLanguage\":\"fr-FR\",\"potentialAction\":[{\"@type\":\"ReadAction\",\"target\":[\"https:\/\/apneemotion.com\/metropole\/nos-partenaires\/\"]}]},{\"@type\":\"ImageObject\",\"inLanguage\":\"fr-FR\",\"@id\":\"https:\/\/apneemotion.com\/metropole\/nos-partenaires\/#primaryimage\",\"url\":\"https:\/\/apneemotion.com\/metropole\/wp-content\/uploads\/sites\/2\/2020\/10\/divers-apneemotion.jpg\",\"contentUrl\":\"https:\/\/apneemotion.com\/metropole\/wp-content\/uploads\/sites\/2\/2020\/10\/divers-apneemotion.jpg\",\"width\":1920,\"height\":700},{\"@type\":\"BreadcrumbList\",\"@id\":\"https:\/\/apneemotion.com\/metropole\/nos-partenaires\/#breadcrumb\",\"itemListElement\":[{\"@type\":\"ListItem\",\"position\":1,\"name\":\"Accueil\",\"item\":\"https:\/\/apneemotion.com\/metropole\/\"},{\"@type\":\"ListItem\",\"position\":2,\"name\":\"Nos partenaires\"}]},{\"@type\":\"WebSite\",\"@id\":\"https:\/\/apneemotion.com\/metropole\/#website\",\"url\":\"https:\/\/apneemotion.com\/metropole\/\",\"name\":\"apn\u00e9emotion M\u00e9tropole\",\"description\":\"L&#039;Ecole d&#039;Apn\u00e9e Loisir\",\"publisher\":{\"@id\":\"https:\/\/apneemotion.com\/metropole\/#organization\"},\"potentialAction\":[{\"@type\":\"SearchAction\",\"target\":{\"@type\":\"EntryPoint\",\"urlTemplate\":\"https:\/\/apneemotion.com\/metropole\/?s={search_term_string}\"},\"query-input\":\"required name=search_term_string\"}],\"inLanguage\":\"fr-FR\"},{\"@type\":\"Organization\",\"@id\":\"https:\/\/apneemotion.com\/metropole\/#organization\",\"name\":\"Apneemotion\",\"url\":\"https:\/\/apneemotion.com\/metropole\/\",\"logo\":{\"@type\":\"ImageObject\",\"inLanguage\":\"fr-FR\",\"@id\":\"https:\/\/apneemotion.com\/metropole\/#\/schema\/logo\/image\/\",\"url\":\"https:\/\/apneemotion.com\/metropole\/wp-content\/uploads\/sites\/2\/2021\/06\/Apneemotion-v1.1.png\",\"contentUrl\":\"https:\/\/apneemotion.com\/metropole\/wp-content\/uploads\/sites\/2\/2021\/06\/Apneemotion-v1.1.png\",\"width\":1643,\"height\":1643,\"caption\":\"Apneemotion\"},\"image\":{\"@id\":\"https:\/\/apneemotion.com\/metropole\/#\/schema\/logo\/image\/\"},\"sameAs\":[\"https:\/\/www.facebook.com\/Apneemotion-1388137021339215\",\"https:\/\/www.instagram.com\/apneemotion\/?hl=fr\",\"https:\/\/www.youtube.com\/channel\/UCioYxHdExZd7i6b1mKj8trQ\"]}]}<\/script>\n<!-- \/ Yoast SEO plugin. -->","yoast_head_json":{"title":"Nos partenaires","robots":{"index":"index","follow":"follow","max-snippet":"max-snippet:-1","max-image-preview":"max-image-preview:large","max-video-preview":"max-video-preview:-1"},"canonical":"https:\/\/apneemotion.com\/metropole\/nos-partenaires\/","og_locale":"fr_FR","og_type":"article","og_title":"Nos partenaires","og_url":"https:\/\/apneemotion.com\/metropole\/nos-partenaires\/","og_site_name":"apn\u00e9emotion M\u00e9tropole","article_publisher":"https:\/\/www.facebook.com\/Apneemotion-1388137021339215","article_modified_time":"2020-11-02T14:47:09+00:00","og_image":[{"width":1920,"height":700,"url":"https:\/\/apneemotion.com\/metropole\/wp-content\/uploads\/sites\/2\/2020\/10\/divers-apneemotion.jpg","type":"image\/jpeg"}],"twitter_card":"summary_large_image","schema":{"@context":"https:\/\/schema.org","@graph":[{"@type":"WebPage","@id":"https:\/\/apneemotion.com\/metropole\/nos-partenaires\/","url":"https:\/\/apneemotion.com\/metropole\/nos-partenaires\/","name":"Nos partenaires","isPartOf":{"@id":"https:\/\/apneemotion.com\/metropole\/#website"},"primaryImageOfPage":{"@id":"https:\/\/apneemotion.com\/metropole\/nos-partenaires\/#primaryimage"},"image":{"@id":"https:\/\/apneemotion.com\/metropole\/nos-partenaires\/#primaryimage"},"thumbnailUrl":"https:\/\/apneemotion.com\/metropole\/wp-content\/uploads\/sites\/2\/2020\/10\/divers-apneemotion.jpg","datePublished":"2020-09-09T09:08:43+00:00","dateModified":"2020-11-02T14:47:09+00:00","breadcrumb":{"@id":"https:\/\/apneemotion.com\/metropole\/nos-partenaires\/#breadcrumb"},"inLanguage":"fr-FR","potentialAction":[{"@type":"ReadAction","target":["https:\/\/apneemotion.com\/metropole\/nos-partenaires\/"]}]},{"@type":"ImageObject","inLanguage":"fr-FR","@id":"https:\/\/apneemotion.com\/metropole\/nos-partenaires\/#primaryimage","url":"https:\/\/apneemotion.com\/metropole\/wp-content\/uploads\/sites\/2\/2020\/10\/divers-apneemotion.jpg","contentUrl":"https:\/\/apneemotion.com\/metropole\/wp-content\/uploads\/sites\/2\/2020\/10\/divers-apneemotion.jpg","width":1920,"height":700},{"@type":"BreadcrumbList","@id":"https:\/\/apneemotion.com\/metropole\/nos-partenaires\/#breadcrumb","itemListElement":[{"@type":"ListItem","position":1,"name":"Accueil","item":"https:\/\/apneemotion.com\/metropole\/"},{"@type":"ListItem","position":2,"name":"Nos partenaires"}]},{"@type":"WebSite","@id":"https:\/\/apneemotion.com\/metropole\/#website","url":"https:\/\/apneemotion.com\/metropole\/","name":"apn\u00e9emotion M\u00e9tropole","description":"L&#039;Ecole d&#039;Apn\u00e9e Loisir","publisher":{"@id":"https:\/\/apneemotion.com\/metropole\/#organization"},"potentialAction":[{"@type":"SearchAction","target":{"@type":"EntryPoint","urlTemplate":"https:\/\/apneemotion.com\/metropole\/?s={search_term_string}"},"query-input":"required name=search_term_string"}],"inLanguage":"fr-FR"},{"@type":"Organization","@id":"https:\/\/apneemotion.com\/metropole\/#organization","name":"Apneemotion","url":"https:\/\/apneemotion.com\/metropole\/","logo":{"@type":"ImageObject","inLanguage":"fr-FR","@id":"https:\/\/apneemotion.com\/metropole\/#\/schema\/logo\/image\/","url":"https:\/\/apneemotion.com\/metropole\/wp-content\/uploads\/sites\/2\/2021\/06\/Apneemotion-v1.1.png","contentUrl":"https:\/\/apneemotion.com\/metropole\/wp-content\/uploads\/sites\/2\/2021\/06\/Apneemotion-v1.1.png","width":1643,"height":1643,"caption":"Apneemotion"},"image":{"@id":"https:\/\/apneemotion.com\/metropole\/#\/schema\/logo\/image\/"},"sameAs":["https:\/\/www.facebook.com\/Apneemotion-1388137021339215","https:\/\/www.instagram.com\/apneemotion\/?hl=fr","https:\/\/www.youtube.com\/channel\/UCioYxHdExZd7i6b1mKj8trQ"]}]}},"_links":{"self":[{"href":"https:\/\/apneemotion.com\/metropole\/wp-json\/wp\/v2\/pages\/347","targetHints":{"allow":["GET"]}}],"collection":[{"href":"https:\/\/apneemotion.com\/metropole\/wp-json\/wp\/v2\/pages"}],"about":[{"href":"https:\/\/apneemotion.com\/metropole\/wp-json\/wp\/v2\/types\/page"}],"author":[{"embeddable":true,"href":"https:\/\/apneemotion.com\/metropole\/wp-json\/wp\/v2\/users\/1"}],"replies":[{"embeddable":true,"href":"https:\/\/apneemotion.com\/metropole\/wp-json\/wp\/v2\/comments?post=347"}],"version-history":[{"count":14,"href":"https:\/\/apneemotion.com\/metropole\/wp-json\/wp\/v2\/pages\/347\/revisions"}],"predecessor-version":[{"id":729,"href":"https:\/\/apneemotion.com\/metropole\/wp-json\/wp\/v2\/pages\/347\/revisions\/729"}],"wp:featuredmedia":[{"embeddable":true,"href":"https:\/\/apneemotion.com\/metropole\/wp-json\/wp\/v2\/media\/655"}],"wp:attachment":[{"href":"https:\/\/apneemotion.com\/metropole\/wp-json\/wp\/v2\/media?parent=347"}],"curies":[{"name":"wp","href":"https:\/\/api.w.org\/{rel}","templated":true}]}}