{"id":586,"date":"2020-10-13T11:04:43","date_gmt":"2020-10-13T09:04:43","guid":{"rendered":"https:\/\/apneemotion.com\/martinique\/?post_type=product&#038;p=586"},"modified":"2026-01-14T23:44:49","modified_gmt":"2026-01-14T22:44:49","slug":"journee-chasse-sous-marine","status":"publish","type":"product","link":"https:\/\/apneemotion.com\/martinique\/produit\/journee-chasse-sous-marine\/","title":{"rendered":"Sortie chasse sous-marine"},"content":{"rendered":"","protected":false},"excerpt":{"rendered":"<p>Activit\u00e9 ludique et originale \u00e0 proximit\u00e9 des Trois Ilets en Martinique, la chasse sous marine vous transporte dans la d\u00e9couverte de la faune sous marine des cara\u00efbes et garanti un moment d&rsquo;\u00e9vasion de qualit\u00e9 !<\/p>\n","protected":false},"featured_media":792,"comment_status":"open","ping_status":"closed","template":"","meta":[],"product_cat":[20],"product_tag":[],"class_list":{"0":"post-586","1":"product","2":"type-product","3":"status-publish","4":"has-post-thumbnail","6":"product_cat-fun-dive","8":"first","9":"instock","10":"shipping-taxable","11":"purchasable","12":"product-type-simple"},"yoast_head":"<!-- This site is optimized with the Yoast SEO plugin v22.8 - https:\/\/yoast.com\/wordpress\/plugins\/seo\/ -->\n<title>Sortie chasse sous-marine Martinique - Apn\u00e9emotion<\/title>\n<meta name=\"description\" content=\"D\u00e9couvrez la chasse sous marine en mer sur Trois Ilets \/ Anses d&#039;Arlet. Accompagn\u00e9 par un professionnel. Activit\u00e9 sportive en Martinique.\" \/>\n<meta name=\"robots\" content=\"index, follow, max-snippet:-1, max-image-preview:large, max-video-preview:-1\" \/>\n<link rel=\"canonical\" href=\"https:\/\/apneemotion.com\/martinique\/produit\/journee-chasse-sous-marine\/\" \/>\n<meta property=\"og:locale\" content=\"fr_FR\" \/>\n<meta property=\"og:type\" content=\"article\" \/>\n<meta property=\"og:title\" content=\"Sortie chasse sous-marine Martinique - Apn\u00e9emotion\" \/>\n<meta property=\"og:description\" content=\"D\u00e9couvrez la chasse sous marine en mer sur Trois Ilets \/ Anses d&#039;Arlet. Accompagn\u00e9 par un professionnel. Activit\u00e9 sportive en Martinique.\" \/>\n<meta property=\"og:url\" content=\"https:\/\/apneemotion.com\/martinique\/produit\/journee-chasse-sous-marine\/\" \/>\n<meta property=\"og:site_name\" content=\"apn\u00e9emotion Martinique\" \/>\n<meta property=\"article:modified_time\" content=\"2026-01-14T22:44:49+00:00\" \/>\n<meta property=\"og:image\" content=\"https:\/\/apneemotion.com\/martinique\/wp-content\/uploads\/sites\/4\/2020\/10\/apneemotion-martinique-chasse-sous-marine.jpg\" \/>\n\t<meta property=\"og:image:width\" content=\"1920\" \/>\n\t<meta property=\"og:image:height\" content=\"1440\" \/>\n\t<meta property=\"og:image:type\" content=\"image\/jpeg\" \/>\n<meta name=\"twitter:card\" content=\"summary_large_image\" \/>\n<meta name=\"twitter:label1\" content=\"Dur\u00e9e de lecture estim\u00e9e\" \/>\n\t<meta name=\"twitter:data1\" content=\"1 minute\" \/>\n<script type=\"application\/ld+json\" class=\"yoast-schema-graph\">{\"@context\":\"https:\/\/schema.org\",\"@graph\":[{\"@type\":\"WebPage\",\"@id\":\"https:\/\/apneemotion.com\/martinique\/produit\/journee-chasse-sous-marine\/\",\"url\":\"https:\/\/apneemotion.com\/martinique\/produit\/journee-chasse-sous-marine\/\",\"name\":\"Sortie chasse sous-marine Martinique - Apn\u00e9emotion\",\"isPartOf\":{\"@id\":\"https:\/\/apneemotion.com\/martinique\/#website\"},\"primaryImageOfPage\":{\"@id\":\"https:\/\/apneemotion.com\/martinique\/produit\/journee-chasse-sous-marine\/#primaryimage\"},\"image\":{\"@id\":\"https:\/\/apneemotion.com\/martinique\/produit\/journee-chasse-sous-marine\/#primaryimage\"},\"thumbnailUrl\":\"https:\/\/apneemotion.com\/martinique\/wp-content\/uploads\/sites\/4\/2020\/10\/apneemotion-martinique-chasse-sous-marine.jpg\",\"datePublished\":\"2020-10-13T09:04:43+00:00\",\"dateModified\":\"2026-01-14T22:44:49+00:00\",\"description\":\"D\u00e9couvrez la chasse sous marine en mer sur Trois Ilets \/ Anses d'Arlet. Accompagn\u00e9 par un professionnel. Activit\u00e9 sportive en Martinique.\",\"breadcrumb\":{\"@id\":\"https:\/\/apneemotion.com\/martinique\/produit\/journee-chasse-sous-marine\/#breadcrumb\"},\"inLanguage\":\"fr-FR\",\"potentialAction\":[{\"@type\":\"ReadAction\",\"target\":[\"https:\/\/apneemotion.com\/martinique\/produit\/journee-chasse-sous-marine\/\"]}]},{\"@type\":\"ImageObject\",\"inLanguage\":\"fr-FR\",\"@id\":\"https:\/\/apneemotion.com\/martinique\/produit\/journee-chasse-sous-marine\/#primaryimage\",\"url\":\"https:\/\/apneemotion.com\/martinique\/wp-content\/uploads\/sites\/4\/2020\/10\/apneemotion-martinique-chasse-sous-marine.jpg\",\"contentUrl\":\"https:\/\/apneemotion.com\/martinique\/wp-content\/uploads\/sites\/4\/2020\/10\/apneemotion-martinique-chasse-sous-marine.jpg\",\"width\":1920,\"height\":1440,\"caption\":\"Chasse sous marine Martinique\"},{\"@type\":\"BreadcrumbList\",\"@id\":\"https:\/\/apneemotion.com\/martinique\/produit\/journee-chasse-sous-marine\/#breadcrumb\",\"itemListElement\":[{\"@type\":\"ListItem\",\"position\":1,\"name\":\"Accueil\",\"item\":\"https:\/\/apneemotion.com\/martinique\/\"},{\"@type\":\"ListItem\",\"position\":2,\"name\":\"Boutique\",\"item\":\"https:\/\/apneemotion.com\/martinique\/boutique\/\"},{\"@type\":\"ListItem\",\"position\":3,\"name\":\"Sortie chasse sous-marine\"}]},{\"@type\":\"WebSite\",\"@id\":\"https:\/\/apneemotion.com\/martinique\/#website\",\"url\":\"https:\/\/apneemotion.com\/martinique\/\",\"name\":\"apn\u00e9emotion Martinique\",\"description\":\"L&#039;Ecole d&#039;Apn\u00e9e Loisir\",\"potentialAction\":[{\"@type\":\"SearchAction\",\"target\":{\"@type\":\"EntryPoint\",\"urlTemplate\":\"https:\/\/apneemotion.com\/martinique\/?s={search_term_string}\"},\"query-input\":\"required name=search_term_string\"}],\"inLanguage\":\"fr-FR\"}]}<\/script>\n<!-- \/ Yoast SEO plugin. -->","yoast_head_json":{"title":"Sortie chasse sous-marine Martinique - Apn\u00e9emotion","description":"D\u00e9couvrez la chasse sous marine en mer sur Trois Ilets \/ Anses d'Arlet. Accompagn\u00e9 par un professionnel. Activit\u00e9 sportive en Martinique.","robots":{"index":"index","follow":"follow","max-snippet":"max-snippet:-1","max-image-preview":"max-image-preview:large","max-video-preview":"max-video-preview:-1"},"canonical":"https:\/\/apneemotion.com\/martinique\/produit\/journee-chasse-sous-marine\/","og_locale":"fr_FR","og_type":"article","og_title":"Sortie chasse sous-marine Martinique - Apn\u00e9emotion","og_description":"D\u00e9couvrez la chasse sous marine en mer sur Trois Ilets \/ Anses d'Arlet. Accompagn\u00e9 par un professionnel. Activit\u00e9 sportive en Martinique.","og_url":"https:\/\/apneemotion.com\/martinique\/produit\/journee-chasse-sous-marine\/","og_site_name":"apn\u00e9emotion Martinique","article_modified_time":"2026-01-14T22:44:49+00:00","og_image":[{"width":1920,"height":1440,"url":"https:\/\/apneemotion.com\/martinique\/wp-content\/uploads\/sites\/4\/2020\/10\/apneemotion-martinique-chasse-sous-marine.jpg","type":"image\/jpeg"}],"twitter_card":"summary_large_image","twitter_misc":{"Dur\u00e9e de lecture estim\u00e9e":"1 minute"},"schema":{"@context":"https:\/\/schema.org","@graph":[{"@type":"WebPage","@id":"https:\/\/apneemotion.com\/martinique\/produit\/journee-chasse-sous-marine\/","url":"https:\/\/apneemotion.com\/martinique\/produit\/journee-chasse-sous-marine\/","name":"Sortie chasse sous-marine Martinique - Apn\u00e9emotion","isPartOf":{"@id":"https:\/\/apneemotion.com\/martinique\/#website"},"primaryImageOfPage":{"@id":"https:\/\/apneemotion.com\/martinique\/produit\/journee-chasse-sous-marine\/#primaryimage"},"image":{"@id":"https:\/\/apneemotion.com\/martinique\/produit\/journee-chasse-sous-marine\/#primaryimage"},"thumbnailUrl":"https:\/\/apneemotion.com\/martinique\/wp-content\/uploads\/sites\/4\/2020\/10\/apneemotion-martinique-chasse-sous-marine.jpg","datePublished":"2020-10-13T09:04:43+00:00","dateModified":"2026-01-14T22:44:49+00:00","description":"D\u00e9couvrez la chasse sous marine en mer sur Trois Ilets \/ Anses d'Arlet. Accompagn\u00e9 par un professionnel. Activit\u00e9 sportive en Martinique.","breadcrumb":{"@id":"https:\/\/apneemotion.com\/martinique\/produit\/journee-chasse-sous-marine\/#breadcrumb"},"inLanguage":"fr-FR","potentialAction":[{"@type":"ReadAction","target":["https:\/\/apneemotion.com\/martinique\/produit\/journee-chasse-sous-marine\/"]}]},{"@type":"ImageObject","inLanguage":"fr-FR","@id":"https:\/\/apneemotion.com\/martinique\/produit\/journee-chasse-sous-marine\/#primaryimage","url":"https:\/\/apneemotion.com\/martinique\/wp-content\/uploads\/sites\/4\/2020\/10\/apneemotion-martinique-chasse-sous-marine.jpg","contentUrl":"https:\/\/apneemotion.com\/martinique\/wp-content\/uploads\/sites\/4\/2020\/10\/apneemotion-martinique-chasse-sous-marine.jpg","width":1920,"height":1440,"caption":"Chasse sous marine Martinique"},{"@type":"BreadcrumbList","@id":"https:\/\/apneemotion.com\/martinique\/produit\/journee-chasse-sous-marine\/#breadcrumb","itemListElement":[{"@type":"ListItem","position":1,"name":"Accueil","item":"https:\/\/apneemotion.com\/martinique\/"},{"@type":"ListItem","position":2,"name":"Boutique","item":"https:\/\/apneemotion.com\/martinique\/boutique\/"},{"@type":"ListItem","position":3,"name":"Sortie chasse sous-marine"}]},{"@type":"WebSite","@id":"https:\/\/apneemotion.com\/martinique\/#website","url":"https:\/\/apneemotion.com\/martinique\/","name":"apn\u00e9emotion Martinique","description":"L&#039;Ecole d&#039;Apn\u00e9e Loisir","potentialAction":[{"@type":"SearchAction","target":{"@type":"EntryPoint","urlTemplate":"https:\/\/apneemotion.com\/martinique\/?s={search_term_string}"},"query-input":"required name=search_term_string"}],"inLanguage":"fr-FR"}]}},"_links":{"self":[{"href":"https:\/\/apneemotion.com\/martinique\/wp-json\/wp\/v2\/product\/586","targetHints":{"allow":["GET"]}}],"collection":[{"href":"https:\/\/apneemotion.com\/martinique\/wp-json\/wp\/v2\/product"}],"about":[{"href":"https:\/\/apneemotion.com\/martinique\/wp-json\/wp\/v2\/types\/product"}],"replies":[{"embeddable":true,"href":"https:\/\/apneemotion.com\/martinique\/wp-json\/wp\/v2\/comments?post=586"}],"wp:featuredmedia":[{"embeddable":true,"href":"https:\/\/apneemotion.com\/martinique\/wp-json\/wp\/v2\/media\/792"}],"wp:attachment":[{"href":"https:\/\/apneemotion.com\/martinique\/wp-json\/wp\/v2\/media?parent=586"}],"wp:term":[{"taxonomy":"product_cat","embeddable":true,"href":"https:\/\/apneemotion.com\/martinique\/wp-json\/wp\/v2\/product_cat?post=586"},{"taxonomy":"product_tag","embeddable":true,"href":"https:\/\/apneemotion.com\/martinique\/wp-json\/wp\/v2\/product_tag?post=586"}],"curies":[{"name":"wp","href":"https:\/\/api.w.org\/{rel}","templated":true}]}}