{"id":2662,"date":"2024-01-02T04:06:19","date_gmt":"2024-01-02T03:06:19","guid":{"rendered":"https:\/\/apneemotion.com\/martinique\/?post_type=product&#038;p=2662"},"modified":"2026-04-02T03:38:27","modified_gmt":"2026-04-02T01:38:27","slug":"initiation-chasse","status":"publish","type":"product","link":"https:\/\/apneemotion.com\/martinique\/produit\/initiation-chasse\/","title":{"rendered":"Initiation chasse sous marine"},"content":{"rendered":"","protected":false},"excerpt":{"rendered":"<p>Activit\u00e9 ludique et originale \u00e0 proximit\u00e9 des Trois Ilets en Martinique, la chasse sous marine vous transporte dans la d\u00e9couverte d&rsquo;une activit\u00e9 ludique et garanti un moment d&rsquo;\u00e9vasion de qualit\u00e9 !<\/p>\n","protected":false},"featured_media":2820,"comment_status":"open","ping_status":"closed","template":"","meta":[],"product_cat":[18,33],"product_tag":[],"class_list":{"0":"post-2662","1":"product","2":"type-product","3":"status-publish","4":"has-post-thumbnail","6":"product_cat-formations","7":"product_cat-formations-adultes","9":"first","10":"instock","11":"shipping-taxable","12":"purchasable","13":"product-type-simple"},"yoast_head":"<!-- This site is optimized with the Yoast SEO plugin v22.8 - https:\/\/yoast.com\/wordpress\/plugins\/seo\/ -->\n<title>Initiation chasse sous marine en Martinique - Apneemotion<\/title>\n<meta name=\"description\" content=\"D\u00e9couvrez la chasse sous marine en apn\u00e9e \u00e0 Trois Ilets \/ Anses d&#039;Arlet. Accompagn\u00e9 par un professionnel. Activit\u00e9 sportive en Martinique..\" \/>\n<meta name=\"robots\" content=\"index, follow, max-snippet:-1, max-image-preview:large, max-video-preview:-1\" \/>\n<link rel=\"canonical\" href=\"https:\/\/apneemotion.com\/martinique\/produit\/initiation-chasse\/\" \/>\n<meta property=\"og:locale\" content=\"fr_FR\" \/>\n<meta property=\"og:type\" content=\"article\" \/>\n<meta property=\"og:title\" content=\"Initiation chasse sous marine en Martinique - Apneemotion\" \/>\n<meta property=\"og:description\" content=\"D\u00e9couvrez la chasse sous marine en apn\u00e9e \u00e0 Trois Ilets \/ Anses d&#039;Arlet. Accompagn\u00e9 par un professionnel. Activit\u00e9 sportive en Martinique..\" \/>\n<meta property=\"og:url\" content=\"https:\/\/apneemotion.com\/martinique\/produit\/initiation-chasse\/\" \/>\n<meta property=\"og:site_name\" content=\"apn\u00e9emotion Martinique\" \/>\n<meta property=\"article:modified_time\" content=\"2026-04-02T01:38:27+00:00\" \/>\n<meta property=\"og:image\" content=\"https:\/\/apneemotion.com\/martinique\/wp-content\/uploads\/sites\/4\/2024\/01\/IMG-20240122-WA0026.jpg\" \/>\n\t<meta property=\"og:image:width\" content=\"1536\" \/>\n\t<meta property=\"og:image:height\" content=\"2048\" \/>\n\t<meta property=\"og:image:type\" content=\"image\/jpeg\" \/>\n<meta name=\"twitter:card\" content=\"summary_large_image\" \/>\n<meta name=\"twitter:label1\" content=\"Dur\u00e9e de lecture estim\u00e9e\" \/>\n\t<meta name=\"twitter:data1\" content=\"1 minute\" \/>\n<script type=\"application\/ld+json\" class=\"yoast-schema-graph\">{\"@context\":\"https:\/\/schema.org\",\"@graph\":[{\"@type\":\"WebPage\",\"@id\":\"https:\/\/apneemotion.com\/martinique\/produit\/initiation-chasse\/\",\"url\":\"https:\/\/apneemotion.com\/martinique\/produit\/initiation-chasse\/\",\"name\":\"Initiation chasse sous marine en Martinique - Apneemotion\",\"isPartOf\":{\"@id\":\"https:\/\/apneemotion.com\/martinique\/#website\"},\"primaryImageOfPage\":{\"@id\":\"https:\/\/apneemotion.com\/martinique\/produit\/initiation-chasse\/#primaryimage\"},\"image\":{\"@id\":\"https:\/\/apneemotion.com\/martinique\/produit\/initiation-chasse\/#primaryimage\"},\"thumbnailUrl\":\"https:\/\/apneemotion.com\/martinique\/wp-content\/uploads\/sites\/4\/2024\/01\/IMG-20240122-WA0026.jpg\",\"datePublished\":\"2024-01-02T03:06:19+00:00\",\"dateModified\":\"2026-04-02T01:38:27+00:00\",\"description\":\"D\u00e9couvrez la chasse sous marine en apn\u00e9e \u00e0 Trois Ilets \/ Anses d'Arlet. Accompagn\u00e9 par un professionnel. Activit\u00e9 sportive en Martinique..\",\"breadcrumb\":{\"@id\":\"https:\/\/apneemotion.com\/martinique\/produit\/initiation-chasse\/#breadcrumb\"},\"inLanguage\":\"fr-FR\",\"potentialAction\":[{\"@type\":\"ReadAction\",\"target\":[\"https:\/\/apneemotion.com\/martinique\/produit\/initiation-chasse\/\"]}]},{\"@type\":\"ImageObject\",\"inLanguage\":\"fr-FR\",\"@id\":\"https:\/\/apneemotion.com\/martinique\/produit\/initiation-chasse\/#primaryimage\",\"url\":\"https:\/\/apneemotion.com\/martinique\/wp-content\/uploads\/sites\/4\/2024\/01\/IMG-20240122-WA0026.jpg\",\"contentUrl\":\"https:\/\/apneemotion.com\/martinique\/wp-content\/uploads\/sites\/4\/2024\/01\/IMG-20240122-WA0026.jpg\",\"width\":1536,\"height\":2048,\"caption\":\"Chasse sous marine Martinique\"},{\"@type\":\"BreadcrumbList\",\"@id\":\"https:\/\/apneemotion.com\/martinique\/produit\/initiation-chasse\/#breadcrumb\",\"itemListElement\":[{\"@type\":\"ListItem\",\"position\":1,\"name\":\"Accueil\",\"item\":\"https:\/\/apneemotion.com\/martinique\/\"},{\"@type\":\"ListItem\",\"position\":2,\"name\":\"Boutique\",\"item\":\"https:\/\/apneemotion.com\/martinique\/boutique\/\"},{\"@type\":\"ListItem\",\"position\":3,\"name\":\"Initiation chasse sous marine\"}]},{\"@type\":\"WebSite\",\"@id\":\"https:\/\/apneemotion.com\/martinique\/#website\",\"url\":\"https:\/\/apneemotion.com\/martinique\/\",\"name\":\"apn\u00e9emotion Martinique\",\"description\":\"L&#039;Ecole d&#039;Apn\u00e9e Loisir\",\"potentialAction\":[{\"@type\":\"SearchAction\",\"target\":{\"@type\":\"EntryPoint\",\"urlTemplate\":\"https:\/\/apneemotion.com\/martinique\/?s={search_term_string}\"},\"query-input\":\"required name=search_term_string\"}],\"inLanguage\":\"fr-FR\"}]}<\/script>\n<!-- \/ Yoast SEO plugin. -->","yoast_head_json":{"title":"Initiation chasse sous marine en Martinique - Apneemotion","description":"D\u00e9couvrez la chasse sous marine en apn\u00e9e \u00e0 Trois Ilets \/ Anses d'Arlet. Accompagn\u00e9 par un professionnel. Activit\u00e9 sportive en Martinique..","robots":{"index":"index","follow":"follow","max-snippet":"max-snippet:-1","max-image-preview":"max-image-preview:large","max-video-preview":"max-video-preview:-1"},"canonical":"https:\/\/apneemotion.com\/martinique\/produit\/initiation-chasse\/","og_locale":"fr_FR","og_type":"article","og_title":"Initiation chasse sous marine en Martinique - Apneemotion","og_description":"D\u00e9couvrez la chasse sous marine en apn\u00e9e \u00e0 Trois Ilets \/ Anses d'Arlet. Accompagn\u00e9 par un professionnel. Activit\u00e9 sportive en Martinique..","og_url":"https:\/\/apneemotion.com\/martinique\/produit\/initiation-chasse\/","og_site_name":"apn\u00e9emotion Martinique","article_modified_time":"2026-04-02T01:38:27+00:00","og_image":[{"width":1536,"height":2048,"url":"https:\/\/apneemotion.com\/martinique\/wp-content\/uploads\/sites\/4\/2024\/01\/IMG-20240122-WA0026.jpg","type":"image\/jpeg"}],"twitter_card":"summary_large_image","twitter_misc":{"Dur\u00e9e de lecture estim\u00e9e":"1 minute"},"schema":{"@context":"https:\/\/schema.org","@graph":[{"@type":"WebPage","@id":"https:\/\/apneemotion.com\/martinique\/produit\/initiation-chasse\/","url":"https:\/\/apneemotion.com\/martinique\/produit\/initiation-chasse\/","name":"Initiation chasse sous marine en Martinique - Apneemotion","isPartOf":{"@id":"https:\/\/apneemotion.com\/martinique\/#website"},"primaryImageOfPage":{"@id":"https:\/\/apneemotion.com\/martinique\/produit\/initiation-chasse\/#primaryimage"},"image":{"@id":"https:\/\/apneemotion.com\/martinique\/produit\/initiation-chasse\/#primaryimage"},"thumbnailUrl":"https:\/\/apneemotion.com\/martinique\/wp-content\/uploads\/sites\/4\/2024\/01\/IMG-20240122-WA0026.jpg","datePublished":"2024-01-02T03:06:19+00:00","dateModified":"2026-04-02T01:38:27+00:00","description":"D\u00e9couvrez la chasse sous marine en apn\u00e9e \u00e0 Trois Ilets \/ Anses d'Arlet. Accompagn\u00e9 par un professionnel. Activit\u00e9 sportive en Martinique..","breadcrumb":{"@id":"https:\/\/apneemotion.com\/martinique\/produit\/initiation-chasse\/#breadcrumb"},"inLanguage":"fr-FR","potentialAction":[{"@type":"ReadAction","target":["https:\/\/apneemotion.com\/martinique\/produit\/initiation-chasse\/"]}]},{"@type":"ImageObject","inLanguage":"fr-FR","@id":"https:\/\/apneemotion.com\/martinique\/produit\/initiation-chasse\/#primaryimage","url":"https:\/\/apneemotion.com\/martinique\/wp-content\/uploads\/sites\/4\/2024\/01\/IMG-20240122-WA0026.jpg","contentUrl":"https:\/\/apneemotion.com\/martinique\/wp-content\/uploads\/sites\/4\/2024\/01\/IMG-20240122-WA0026.jpg","width":1536,"height":2048,"caption":"Chasse sous marine Martinique"},{"@type":"BreadcrumbList","@id":"https:\/\/apneemotion.com\/martinique\/produit\/initiation-chasse\/#breadcrumb","itemListElement":[{"@type":"ListItem","position":1,"name":"Accueil","item":"https:\/\/apneemotion.com\/martinique\/"},{"@type":"ListItem","position":2,"name":"Boutique","item":"https:\/\/apneemotion.com\/martinique\/boutique\/"},{"@type":"ListItem","position":3,"name":"Initiation chasse sous marine"}]},{"@type":"WebSite","@id":"https:\/\/apneemotion.com\/martinique\/#website","url":"https:\/\/apneemotion.com\/martinique\/","name":"apn\u00e9emotion Martinique","description":"L&#039;Ecole d&#039;Apn\u00e9e Loisir","potentialAction":[{"@type":"SearchAction","target":{"@type":"EntryPoint","urlTemplate":"https:\/\/apneemotion.com\/martinique\/?s={search_term_string}"},"query-input":"required name=search_term_string"}],"inLanguage":"fr-FR"}]}},"_links":{"self":[{"href":"https:\/\/apneemotion.com\/martinique\/wp-json\/wp\/v2\/product\/2662","targetHints":{"allow":["GET"]}}],"collection":[{"href":"https:\/\/apneemotion.com\/martinique\/wp-json\/wp\/v2\/product"}],"about":[{"href":"https:\/\/apneemotion.com\/martinique\/wp-json\/wp\/v2\/types\/product"}],"replies":[{"embeddable":true,"href":"https:\/\/apneemotion.com\/martinique\/wp-json\/wp\/v2\/comments?post=2662"}],"wp:featuredmedia":[{"embeddable":true,"href":"https:\/\/apneemotion.com\/martinique\/wp-json\/wp\/v2\/media\/2820"}],"wp:attachment":[{"href":"https:\/\/apneemotion.com\/martinique\/wp-json\/wp\/v2\/media?parent=2662"}],"wp:term":[{"taxonomy":"product_cat","embeddable":true,"href":"https:\/\/apneemotion.com\/martinique\/wp-json\/wp\/v2\/product_cat?post=2662"},{"taxonomy":"product_tag","embeddable":true,"href":"https:\/\/apneemotion.com\/martinique\/wp-json\/wp\/v2\/product_tag?post=2662"}],"curies":[{"name":"wp","href":"https:\/\/api.w.org\/{rel}","templated":true}]}}