{"id":1570,"date":"2023-02-19T00:16:32","date_gmt":"2023-02-18T23:16:32","guid":{"rendered":"https:\/\/apneemotion.com\/martinique\/?post_type=product&#038;p=1570"},"modified":"2024-09-11T17:18:11","modified_gmt":"2024-09-11T15:18:11","slug":"randeau-palmee","status":"publish","type":"product","link":"https:\/\/apneemotion.com\/martinique\/produit\/randeau-palmee\/","title":{"rendered":"Snorkeling Martinique Rand&rsquo;eau palm\u00e9e"},"content":{"rendered":"","protected":false},"excerpt":{"rendered":"<p>Activit\u00e9 ludique et originale \u00e0 proximit\u00e9 des Trois Ilets en Martinique, le snorkeling ou randonn\u00e9e palm\u00e9e vous transporte dans la d\u00e9couverte de sens nouveaux et garanti un moment d&rsquo;\u00e9vasion de qualit\u00e9 !<\/p>\n","protected":false},"featured_media":3468,"comment_status":"open","ping_status":"closed","template":"","meta":[],"product_cat":[20],"product_tag":[],"class_list":{"0":"post-1570","1":"product","2":"type-product","3":"status-publish","4":"has-post-thumbnail","6":"product_cat-fun-dive","8":"first","9":"instock","10":"shipping-taxable","11":"purchasable","12":"product-type-simple"},"yoast_head":"<!-- This site is optimized with the Yoast SEO plugin v22.8 - https:\/\/yoast.com\/wordpress\/plugins\/seo\/ -->\n<title>Snorkeling Martinique : aventures et d\u00e9couvertes \u2013 Apn\u00e9emotion<\/title>\n<meta name=\"description\" content=\"Explorez les fonds marins de la Martinique en snorkeling. Palmes, masque, et tuba fournis pour une exp\u00e9rience inoubliable avec Apn\u00e9emotion.\" \/>\n<meta name=\"robots\" content=\"index, follow, max-snippet:-1, max-image-preview:large, max-video-preview:-1\" \/>\n<link rel=\"canonical\" href=\"https:\/\/apneemotion.com\/martinique\/produit\/randeau-palmee\/\" \/>\n<meta property=\"og:locale\" content=\"fr_FR\" \/>\n<meta property=\"og:type\" content=\"article\" \/>\n<meta property=\"og:title\" content=\"Snorkeling Martinique : aventures et d\u00e9couvertes \u2013 Apn\u00e9emotion\" \/>\n<meta property=\"og:description\" content=\"Explorez les fonds marins de la Martinique en snorkeling. Palmes, masque, et tuba fournis pour une exp\u00e9rience inoubliable avec Apn\u00e9emotion.\" \/>\n<meta property=\"og:url\" content=\"https:\/\/apneemotion.com\/martinique\/produit\/randeau-palmee\/\" \/>\n<meta property=\"og:site_name\" content=\"apn\u00e9emotion Martinique\" \/>\n<meta property=\"article:modified_time\" content=\"2024-09-11T15:18:11+00:00\" \/>\n<meta property=\"og:image\" content=\"https:\/\/apneemotion.com\/martinique\/wp-content\/uploads\/sites\/4\/2023\/02\/WhatsApp-Image-2022-02-06-at-14.22.40.jpeg\" \/>\n\t<meta property=\"og:image:width\" content=\"1280\" \/>\n\t<meta property=\"og:image:height\" content=\"1600\" \/>\n\t<meta property=\"og:image:type\" content=\"image\/jpeg\" \/>\n<meta name=\"twitter:card\" content=\"summary_large_image\" \/>\n<meta name=\"twitter:label1\" content=\"Dur\u00e9e de lecture estim\u00e9e\" \/>\n\t<meta name=\"twitter:data1\" content=\"1 minute\" \/>\n<script type=\"application\/ld+json\" class=\"yoast-schema-graph\">{\"@context\":\"https:\/\/schema.org\",\"@graph\":[{\"@type\":\"WebPage\",\"@id\":\"https:\/\/apneemotion.com\/martinique\/produit\/randeau-palmee\/\",\"url\":\"https:\/\/apneemotion.com\/martinique\/produit\/randeau-palmee\/\",\"name\":\"Snorkeling Martinique : aventures et d\u00e9couvertes \u2013 Apn\u00e9emotion\",\"isPartOf\":{\"@id\":\"https:\/\/apneemotion.com\/martinique\/#website\"},\"primaryImageOfPage\":{\"@id\":\"https:\/\/apneemotion.com\/martinique\/produit\/randeau-palmee\/#primaryimage\"},\"image\":{\"@id\":\"https:\/\/apneemotion.com\/martinique\/produit\/randeau-palmee\/#primaryimage\"},\"thumbnailUrl\":\"https:\/\/apneemotion.com\/martinique\/wp-content\/uploads\/sites\/4\/2023\/02\/WhatsApp-Image-2022-02-06-at-14.22.40.jpeg\",\"datePublished\":\"2023-02-18T23:16:32+00:00\",\"dateModified\":\"2024-09-11T15:18:11+00:00\",\"description\":\"Explorez les fonds marins de la Martinique en snorkeling. Palmes, masque, et tuba fournis pour une exp\u00e9rience inoubliable avec Apn\u00e9emotion.\",\"breadcrumb\":{\"@id\":\"https:\/\/apneemotion.com\/martinique\/produit\/randeau-palmee\/#breadcrumb\"},\"inLanguage\":\"fr-FR\",\"potentialAction\":[{\"@type\":\"ReadAction\",\"target\":[\"https:\/\/apneemotion.com\/martinique\/produit\/randeau-palmee\/\"]}]},{\"@type\":\"ImageObject\",\"inLanguage\":\"fr-FR\",\"@id\":\"https:\/\/apneemotion.com\/martinique\/produit\/randeau-palmee\/#primaryimage\",\"url\":\"https:\/\/apneemotion.com\/martinique\/wp-content\/uploads\/sites\/4\/2023\/02\/WhatsApp-Image-2022-02-06-at-14.22.40.jpeg\",\"contentUrl\":\"https:\/\/apneemotion.com\/martinique\/wp-content\/uploads\/sites\/4\/2023\/02\/WhatsApp-Image-2022-02-06-at-14.22.40.jpeg\",\"width\":1280,\"height\":1600,\"caption\":\"Snorkeling Martinique plong\u00e9e\"},{\"@type\":\"BreadcrumbList\",\"@id\":\"https:\/\/apneemotion.com\/martinique\/produit\/randeau-palmee\/#breadcrumb\",\"itemListElement\":[{\"@type\":\"ListItem\",\"position\":1,\"name\":\"Accueil\",\"item\":\"https:\/\/apneemotion.com\/martinique\/\"},{\"@type\":\"ListItem\",\"position\":2,\"name\":\"Boutique\",\"item\":\"https:\/\/apneemotion.com\/martinique\/boutique\/\"},{\"@type\":\"ListItem\",\"position\":3,\"name\":\"Snorkeling Martinique Rand&rsquo;eau palm\u00e9e\"}]},{\"@type\":\"WebSite\",\"@id\":\"https:\/\/apneemotion.com\/martinique\/#website\",\"url\":\"https:\/\/apneemotion.com\/martinique\/\",\"name\":\"apn\u00e9emotion Martinique\",\"description\":\"L&#039;Ecole d&#039;Apn\u00e9e Loisir\",\"potentialAction\":[{\"@type\":\"SearchAction\",\"target\":{\"@type\":\"EntryPoint\",\"urlTemplate\":\"https:\/\/apneemotion.com\/martinique\/?s={search_term_string}\"},\"query-input\":\"required name=search_term_string\"}],\"inLanguage\":\"fr-FR\"}]}<\/script>\n<!-- \/ Yoast SEO plugin. -->","yoast_head_json":{"title":"Snorkeling Martinique : aventures et d\u00e9couvertes \u2013 Apn\u00e9emotion","description":"Explorez les fonds marins de la Martinique en snorkeling. Palmes, masque, et tuba fournis pour une exp\u00e9rience inoubliable avec Apn\u00e9emotion.","robots":{"index":"index","follow":"follow","max-snippet":"max-snippet:-1","max-image-preview":"max-image-preview:large","max-video-preview":"max-video-preview:-1"},"canonical":"https:\/\/apneemotion.com\/martinique\/produit\/randeau-palmee\/","og_locale":"fr_FR","og_type":"article","og_title":"Snorkeling Martinique : aventures et d\u00e9couvertes \u2013 Apn\u00e9emotion","og_description":"Explorez les fonds marins de la Martinique en snorkeling. Palmes, masque, et tuba fournis pour une exp\u00e9rience inoubliable avec Apn\u00e9emotion.","og_url":"https:\/\/apneemotion.com\/martinique\/produit\/randeau-palmee\/","og_site_name":"apn\u00e9emotion Martinique","article_modified_time":"2024-09-11T15:18:11+00:00","og_image":[{"width":1280,"height":1600,"url":"https:\/\/apneemotion.com\/martinique\/wp-content\/uploads\/sites\/4\/2023\/02\/WhatsApp-Image-2022-02-06-at-14.22.40.jpeg","type":"image\/jpeg"}],"twitter_card":"summary_large_image","twitter_misc":{"Dur\u00e9e de lecture estim\u00e9e":"1 minute"},"schema":{"@context":"https:\/\/schema.org","@graph":[{"@type":"WebPage","@id":"https:\/\/apneemotion.com\/martinique\/produit\/randeau-palmee\/","url":"https:\/\/apneemotion.com\/martinique\/produit\/randeau-palmee\/","name":"Snorkeling Martinique : aventures et d\u00e9couvertes \u2013 Apn\u00e9emotion","isPartOf":{"@id":"https:\/\/apneemotion.com\/martinique\/#website"},"primaryImageOfPage":{"@id":"https:\/\/apneemotion.com\/martinique\/produit\/randeau-palmee\/#primaryimage"},"image":{"@id":"https:\/\/apneemotion.com\/martinique\/produit\/randeau-palmee\/#primaryimage"},"thumbnailUrl":"https:\/\/apneemotion.com\/martinique\/wp-content\/uploads\/sites\/4\/2023\/02\/WhatsApp-Image-2022-02-06-at-14.22.40.jpeg","datePublished":"2023-02-18T23:16:32+00:00","dateModified":"2024-09-11T15:18:11+00:00","description":"Explorez les fonds marins de la Martinique en snorkeling. Palmes, masque, et tuba fournis pour une exp\u00e9rience inoubliable avec Apn\u00e9emotion.","breadcrumb":{"@id":"https:\/\/apneemotion.com\/martinique\/produit\/randeau-palmee\/#breadcrumb"},"inLanguage":"fr-FR","potentialAction":[{"@type":"ReadAction","target":["https:\/\/apneemotion.com\/martinique\/produit\/randeau-palmee\/"]}]},{"@type":"ImageObject","inLanguage":"fr-FR","@id":"https:\/\/apneemotion.com\/martinique\/produit\/randeau-palmee\/#primaryimage","url":"https:\/\/apneemotion.com\/martinique\/wp-content\/uploads\/sites\/4\/2023\/02\/WhatsApp-Image-2022-02-06-at-14.22.40.jpeg","contentUrl":"https:\/\/apneemotion.com\/martinique\/wp-content\/uploads\/sites\/4\/2023\/02\/WhatsApp-Image-2022-02-06-at-14.22.40.jpeg","width":1280,"height":1600,"caption":"Snorkeling Martinique plong\u00e9e"},{"@type":"BreadcrumbList","@id":"https:\/\/apneemotion.com\/martinique\/produit\/randeau-palmee\/#breadcrumb","itemListElement":[{"@type":"ListItem","position":1,"name":"Accueil","item":"https:\/\/apneemotion.com\/martinique\/"},{"@type":"ListItem","position":2,"name":"Boutique","item":"https:\/\/apneemotion.com\/martinique\/boutique\/"},{"@type":"ListItem","position":3,"name":"Snorkeling Martinique Rand&rsquo;eau palm\u00e9e"}]},{"@type":"WebSite","@id":"https:\/\/apneemotion.com\/martinique\/#website","url":"https:\/\/apneemotion.com\/martinique\/","name":"apn\u00e9emotion Martinique","description":"L&#039;Ecole d&#039;Apn\u00e9e Loisir","potentialAction":[{"@type":"SearchAction","target":{"@type":"EntryPoint","urlTemplate":"https:\/\/apneemotion.com\/martinique\/?s={search_term_string}"},"query-input":"required name=search_term_string"}],"inLanguage":"fr-FR"}]}},"_links":{"self":[{"href":"https:\/\/apneemotion.com\/martinique\/wp-json\/wp\/v2\/product\/1570","targetHints":{"allow":["GET"]}}],"collection":[{"href":"https:\/\/apneemotion.com\/martinique\/wp-json\/wp\/v2\/product"}],"about":[{"href":"https:\/\/apneemotion.com\/martinique\/wp-json\/wp\/v2\/types\/product"}],"replies":[{"embeddable":true,"href":"https:\/\/apneemotion.com\/martinique\/wp-json\/wp\/v2\/comments?post=1570"}],"wp:featuredmedia":[{"embeddable":true,"href":"https:\/\/apneemotion.com\/martinique\/wp-json\/wp\/v2\/media\/3468"}],"wp:attachment":[{"href":"https:\/\/apneemotion.com\/martinique\/wp-json\/wp\/v2\/media?parent=1570"}],"wp:term":[{"taxonomy":"product_cat","embeddable":true,"href":"https:\/\/apneemotion.com\/martinique\/wp-json\/wp\/v2\/product_cat?post=1570"},{"taxonomy":"product_tag","embeddable":true,"href":"https:\/\/apneemotion.com\/martinique\/wp-json\/wp\/v2\/product_tag?post=1570"}],"curies":[{"name":"wp","href":"https:\/\/api.w.org\/{rel}","templated":true}]}}